{"id":44,"date":"2020-05-02T20:40:57","date_gmt":"2020-05-02T20:40:57","guid":{"rendered":"https:\/\/www.com-point.de\/?page_id=44"},"modified":"2025-02-03T10:10:02","modified_gmt":"2025-02-03T10:10:02","slug":"service","status":"publish","type":"page","link":"https:\/\/www.com-point.de\/?page_id=44","title":{"rendered":"Service"},"content":{"rendered":"\t\t<div data-elementor-type=\"wp-page\" data-elementor-id=\"44\" class=\"elementor elementor-44\" data-elementor-post-type=\"page\">\n\t\t\t\t\t\t<section class=\"elementor-section elementor-top-section elementor-element elementor-element-1500282 elementor-section-boxed elementor-section-height-default elementor-section-height-default elementor-invisible\" data-id=\"1500282\" data-element_type=\"section\" data-e-type=\"section\" data-settings=\"{&quot;animation&quot;:&quot;fadeInUp&quot;}\">\n\t\t\t\t\t\t<div class=\"elementor-container elementor-column-gap-default\">\n\t\t\t\t\t<div class=\"elementor-column elementor-col-33 elementor-top-column elementor-element elementor-element-55dfdb2\" data-id=\"55dfdb2\" data-element_type=\"column\" data-e-type=\"column\">\n\t\t\t<div class=\"elementor-widget-wrap elementor-element-populated\">\n\t\t\t\t\t\t<div class=\"elementor-element elementor-element-991380a elementor-widget elementor-widget-spacer\" data-id=\"991380a\" data-element_type=\"widget\" data-e-type=\"widget\" data-widget_type=\"spacer.default\">\n\t\t\t\t<div class=\"elementor-widget-container\">\n\t\t\t\t\t\t\t<div class=\"elementor-spacer\">\n\t\t\t<div class=\"elementor-spacer-inner\"><\/div>\n\t\t<\/div>\n\t\t\t\t\t\t<\/div>\n\t\t\t\t<\/div>\n\t\t\t\t<div class=\"elementor-element elementor-element-a7efa29 elementor-widget elementor-widget-image\" data-id=\"a7efa29\" data-element_type=\"widget\" data-e-type=\"widget\" data-widget_type=\"image.default\">\n\t\t\t\t<div class=\"elementor-widget-container\">\n\t\t\t\t\t\t\t\t\t\t\t\t\t\t\t<img fetchpriority=\"high\" decoding=\"async\" width=\"1024\" height=\"1024\" src=\"https:\/\/www.com-point.de\/wp-content\/uploads\/2025\/01\/DALL\u00b7E-2025-01-30-16.57.54-A-modern-minimalistic-illustration-with-the-word-Service.-The-image-features-a-clean-and-professional-design-incorporating-service-related-symbols.webp\" class=\"attachment-large size-large wp-image-1567\" alt=\"\" srcset=\"https:\/\/www.com-point.de\/wp-content\/uploads\/2025\/01\/DALL\u00b7E-2025-01-30-16.57.54-A-modern-minimalistic-illustration-with-the-word-Service.-The-image-features-a-clean-and-professional-design-incorporating-service-related-symbols.webp 1024w, https:\/\/www.com-point.de\/wp-content\/uploads\/2025\/01\/DALL\u00b7E-2025-01-30-16.57.54-A-modern-minimalistic-illustration-with-the-word-Service.-The-image-features-a-clean-and-professional-design-incorporating-service-related-symbols-300x300.webp 300w, https:\/\/www.com-point.de\/wp-content\/uploads\/2025\/01\/DALL\u00b7E-2025-01-30-16.57.54-A-modern-minimalistic-illustration-with-the-word-Service.-The-image-features-a-clean-and-professional-design-incorporating-service-related-symbols-150x150.webp 150w, https:\/\/www.com-point.de\/wp-content\/uploads\/2025\/01\/DALL\u00b7E-2025-01-30-16.57.54-A-modern-minimalistic-illustration-with-the-word-Service.-The-image-features-a-clean-and-professional-design-incorporating-service-related-symbols-768x768.webp 768w, https:\/\/www.com-point.de\/wp-content\/uploads\/2025\/01\/DALL\u00b7E-2025-01-30-16.57.54-A-modern-minimalistic-illustration-with-the-word-Service.-The-image-features-a-clean-and-professional-design-incorporating-service-related-symbols-600x600.webp 600w\" sizes=\"(max-width: 1024px) 100vw, 1024px\" \/>\t\t\t\t\t\t\t\t\t\t\t\t\t\t\t<\/div>\n\t\t\t\t<\/div>\n\t\t\t\t\t<\/div>\n\t\t<\/div>\n\t\t\t\t<div class=\"elementor-column elementor-col-66 elementor-top-column elementor-element elementor-element-8736f38\" data-id=\"8736f38\" data-element_type=\"column\" data-e-type=\"column\">\n\t\t\t<div class=\"elementor-widget-wrap elementor-element-populated\">\n\t\t\t\t\t\t<div class=\"elementor-element elementor-element-8366622 elementor-widget elementor-widget-heading\" data-id=\"8366622\" data-element_type=\"widget\" data-e-type=\"widget\" data-widget_type=\"heading.default\">\n\t\t\t\t<div class=\"elementor-widget-container\">\n\t\t\t\t\t<h2 class=\"elementor-heading-title elementor-size-default\">Service<\/h2>\t\t\t\t<\/div>\n\t\t\t\t<\/div>\n\t\t\t\t<div class=\"elementor-element elementor-element-4fdf85f1 elementor-widget elementor-widget-text-editor\" data-id=\"4fdf85f1\" data-element_type=\"widget\" data-e-type=\"widget\" data-widget_type=\"text-editor.default\">\n\t\t\t\t<div class=\"elementor-widget-container\">\n\t\t\t\t\t\t\t\t\t<p>Gerne bieten wir unseren Kunden ein ma\u00dfgeschneidertes Wartungskonzept an. Basis hierf\u00fcr ist der Upgrade Vertrag, der unseren Kunden w\u00e4hrend der Laufzeit das Nutzungsrecht an allen Upgrades und Updates unserer Softwareprodukte gew\u00e4hrt.<\/p><div>Eine weitere Komponente ist der Hotline- oder Servicevertrag. Dieser kann in vielen Formen und mit vielen Inhalten ausgestattet werden. Von der \u201eeinfachen\u201c St\u00f6rungshotline bis hin zur kompletten System\u00fcberwachung und \u2013Administration k\u00f6nnen unsere Kunden aus einer Vielzahl von Leistungen w\u00e4hlen. Wir freuen uns auf eine Nachricht oder einen Anruf um Details f\u00fcr ein Serviceangebot mit ihnen zu besprechen!<\/div>\t\t\t\t\t\t\t\t<\/div>\n\t\t\t\t<\/div>\n\t\t\t\t\t<\/div>\n\t\t<\/div>\n\t\t\t\t\t<\/div>\n\t\t<\/section>\n\t\t\t\t<section class=\"elementor-section elementor-top-section elementor-element elementor-element-45b750d elementor-section-boxed elementor-section-height-default elementor-section-height-default\" data-id=\"45b750d\" data-element_type=\"section\" data-e-type=\"section\">\n\t\t\t\t\t\t<div class=\"elementor-container elementor-column-gap-default\">\n\t\t\t\t\t<div class=\"elementor-column elementor-col-100 elementor-top-column elementor-element elementor-element-f0408ab\" data-id=\"f0408ab\" data-element_type=\"column\" data-e-type=\"column\">\n\t\t\t<div class=\"elementor-widget-wrap elementor-element-populated\">\n\t\t\t\t\t\t<div class=\"elementor-element elementor-element-d280aac elementor-widget elementor-widget-spacer\" data-id=\"d280aac\" data-element_type=\"widget\" data-e-type=\"widget\" data-widget_type=\"spacer.default\">\n\t\t\t\t<div class=\"elementor-widget-container\">\n\t\t\t\t\t\t\t<div class=\"elementor-spacer\">\n\t\t\t<div class=\"elementor-spacer-inner\"><\/div>\n\t\t<\/div>\n\t\t\t\t\t\t<\/div>\n\t\t\t\t<\/div>\n\t\t\t\t\t<\/div>\n\t\t<\/div>\n\t\t\t\t\t<\/div>\n\t\t<\/section>\n\t\t\t\t<section class=\"elementor-section elementor-top-section elementor-element elementor-element-853121e elementor-section-boxed elementor-section-height-default elementor-section-height-default elementor-invisible\" data-id=\"853121e\" data-element_type=\"section\" data-e-type=\"section\" data-settings=\"{&quot;animation&quot;:&quot;fadeInUp&quot;}\">\n\t\t\t\t\t\t<div class=\"elementor-container elementor-column-gap-default\">\n\t\t\t\t\t<div class=\"elementor-column elementor-col-33 elementor-top-column elementor-element elementor-element-df83588\" data-id=\"df83588\" data-element_type=\"column\" data-e-type=\"column\">\n\t\t\t<div class=\"elementor-widget-wrap elementor-element-populated\">\n\t\t\t\t\t\t<div class=\"elementor-element elementor-element-dbc13c4 elementor-widget elementor-widget-spacer\" data-id=\"dbc13c4\" data-element_type=\"widget\" data-e-type=\"widget\" data-widget_type=\"spacer.default\">\n\t\t\t\t<div class=\"elementor-widget-container\">\n\t\t\t\t\t\t\t<div class=\"elementor-spacer\">\n\t\t\t<div class=\"elementor-spacer-inner\"><\/div>\n\t\t<\/div>\n\t\t\t\t\t\t<\/div>\n\t\t\t\t<\/div>\n\t\t\t\t<div class=\"elementor-element elementor-element-fe73d82 elementor-widget elementor-widget-image\" data-id=\"fe73d82\" data-element_type=\"widget\" data-e-type=\"widget\" data-widget_type=\"image.default\">\n\t\t\t\t<div class=\"elementor-widget-container\">\n\t\t\t\t\t\t\t\t\t\t\t\t\t\t\t<img decoding=\"async\" width=\"1024\" height=\"1024\" data-src=\"https:\/\/www.com-point.de\/wp-content\/uploads\/2025\/01\/DALL\u00b7E-2025-01-30-17.01.17-A-modern-minimalistic-illustration-with-the-word-Support.-The-image-features-a-clean-and-professional-design-incorporating-support-related-symbols.webp\" class=\"attachment-large size-large wp-image-1571 lazyload\" alt=\"\" data-srcset=\"https:\/\/www.com-point.de\/wp-content\/uploads\/2025\/01\/DALL\u00b7E-2025-01-30-17.01.17-A-modern-minimalistic-illustration-with-the-word-Support.-The-image-features-a-clean-and-professional-design-incorporating-support-related-symbols.webp 1024w, https:\/\/www.com-point.de\/wp-content\/uploads\/2025\/01\/DALL\u00b7E-2025-01-30-17.01.17-A-modern-minimalistic-illustration-with-the-word-Support.-The-image-features-a-clean-and-professional-design-incorporating-support-related-symbols-300x300.webp 300w, https:\/\/www.com-point.de\/wp-content\/uploads\/2025\/01\/DALL\u00b7E-2025-01-30-17.01.17-A-modern-minimalistic-illustration-with-the-word-Support.-The-image-features-a-clean-and-professional-design-incorporating-support-related-symbols-150x150.webp 150w, https:\/\/www.com-point.de\/wp-content\/uploads\/2025\/01\/DALL\u00b7E-2025-01-30-17.01.17-A-modern-minimalistic-illustration-with-the-word-Support.-The-image-features-a-clean-and-professional-design-incorporating-support-related-symbols-768x768.webp 768w, https:\/\/www.com-point.de\/wp-content\/uploads\/2025\/01\/DALL\u00b7E-2025-01-30-17.01.17-A-modern-minimalistic-illustration-with-the-word-Support.-The-image-features-a-clean-and-professional-design-incorporating-support-related-symbols-600x600.webp 600w\" data-sizes=\"(max-width: 1024px) 100vw, 1024px\" src=\"data:image\/svg+xml;base64,PHN2ZyB3aWR0aD0iMSIgaGVpZ2h0PSIxIiB4bWxucz0iaHR0cDovL3d3dy53My5vcmcvMjAwMC9zdmciPjwvc3ZnPg==\" style=\"--smush-placeholder-width: 1024px; --smush-placeholder-aspect-ratio: 1024\/1024;\" \/>\t\t\t\t\t\t\t\t\t\t\t\t\t\t\t<\/div>\n\t\t\t\t<\/div>\n\t\t\t\t\t<\/div>\n\t\t<\/div>\n\t\t\t\t<div class=\"elementor-column elementor-col-66 elementor-top-column elementor-element elementor-element-3aa768c\" data-id=\"3aa768c\" data-element_type=\"column\" data-e-type=\"column\">\n\t\t\t<div class=\"elementor-widget-wrap elementor-element-populated\">\n\t\t\t\t\t\t<div class=\"elementor-element elementor-element-f0683bd elementor-widget elementor-widget-heading\" data-id=\"f0683bd\" data-element_type=\"widget\" data-e-type=\"widget\" data-widget_type=\"heading.default\">\n\t\t\t\t<div class=\"elementor-widget-container\">\n\t\t\t\t\t<h2 class=\"elementor-heading-title elementor-size-default\">Support<\/h2>\t\t\t\t<\/div>\n\t\t\t\t<\/div>\n\t\t\t\t<section class=\"elementor-section elementor-inner-section elementor-element elementor-element-5b2145f elementor-section-boxed elementor-section-height-default elementor-section-height-default\" data-id=\"5b2145f\" data-element_type=\"section\" data-e-type=\"section\">\n\t\t\t\t\t\t<div class=\"elementor-container elementor-column-gap-default\">\n\t\t\t\t\t<div class=\"elementor-column elementor-col-50 elementor-inner-column elementor-element elementor-element-e9dec16\" data-id=\"e9dec16\" data-element_type=\"column\" data-e-type=\"column\">\n\t\t\t<div class=\"elementor-widget-wrap elementor-element-populated\">\n\t\t\t\t\t\t<div class=\"elementor-element elementor-element-1ea8863 elementor-widget elementor-widget-text-editor\" data-id=\"1ea8863\" data-element_type=\"widget\" data-e-type=\"widget\" data-widget_type=\"text-editor.default\">\n\t\t\t\t<div class=\"elementor-widget-container\">\n\t\t\t\t\t\t\t\t\t<h4 style=\"font-variant-ligatures: normal; font-variant-caps: normal; font-style: normal;\">Wenn mal nichts mehr geht, kommen wir zu Ihnen!<\/h4><div style=\"font-variant-ligatures: normal; font-variant-caps: normal; font-family: 'Open Sans'; font-size: 14px; font-style: normal; font-weight: 400;\"><p style=\"font-size: 14px;\">Setzen Sie sich bitte mit uns telefonisch\u00a0<span style=\"font-size: 14px; font-weight: bold;\"><a style=\"font-size: 14px;\" href=\"http:\/\/phone:02663-912620\/\">02663-912620<\/a><\/span>\u00a0oder per E-Mail an\u00a0<a style=\"font-size: 14px;\" href=\"mailto:support@com-point.de\"><span style=\"font-size: 14px; font-weight: bold;\">support@com-point.de<\/span><\/a> in Verbindung, Sie werden von einem unserer Mitarbeiter dazu aufgefordert, die Applikation &#8222;<span style=\"font-variant-ligatures: normal; font-variant-caps: normal; font-family: Calibri, sans-serif; font-size: 16px; font-style: normal; font-weight: 400;\">pcvisit Kunden-Modul<\/span>&#8220;\u00a0 herunter zu laden und zu starten um einen Remote Zugang zu Ihrem System zu erm\u00f6glichen.<\/p><\/div>\t\t\t\t\t\t\t\t<\/div>\n\t\t\t\t<\/div>\n\t\t\t\t\t<\/div>\n\t\t<\/div>\n\t\t\t\t<div class=\"elementor-column elementor-col-50 elementor-inner-column elementor-element elementor-element-16f06f0\" data-id=\"16f06f0\" data-element_type=\"column\" data-e-type=\"column\">\n\t\t\t<div class=\"elementor-widget-wrap elementor-element-populated\">\n\t\t\t\t\t\t<div class=\"elementor-element elementor-element-9c501ea elementor-widget elementor-widget-html\" data-id=\"9c501ea\" data-element_type=\"widget\" data-e-type=\"widget\" data-widget_type=\"html.default\">\n\t\t\t\t<div class=\"elementor-widget-container\">\n\t\t\t\t\t<a href=\"https:\/\/lb3.pcvisit.de\/v1\/hosted\/jumplink?productid=18&func=download&productrole=guestSetup&host=lb3.pcvisit.de&companyid=4412423721&gateway=lb3.pcvisit.de\" title=\"pcvisit Kunden-Modul pcvisit starten\"><img decoding=\"async\" src=\"https:\/\/lb3.pcvisit.de\/v1\/hosted\/jumplink?func=external_website&productid=18&langid=de-DE&bs=win32&gradeid=12&version=22.7.6.1206&topic=client_image\" style=\"border: none\" alt=\"pcvisit Kunden-Modul pcvisit starten\"\/><\/a>\t\t\t\t<\/div>\n\t\t\t\t<\/div>\n\t\t\t\t\t<\/div>\n\t\t<\/div>\n\t\t\t\t\t<\/div>\n\t\t<\/section>\n\t\t\t\t<div class=\"elementor-element elementor-element-fbb24e7 elementor-widget elementor-widget-text-editor\" data-id=\"fbb24e7\" data-element_type=\"widget\" data-e-type=\"widget\" data-widget_type=\"text-editor.default\">\n\t\t\t\t<div class=\"elementor-widget-container\">\n\t\t\t\t\t\t\t\t\t<p><span style=\"font-family: 'Open Sans'; font-size: 14px; font-style: normal; font-variant-ligatures: normal; font-variant-caps: normal; font-weight: 400;\">Eines noch: Auch wenn sie keinen Servicevertrag mit uns haben, helfen wir ihnen selbstverst\u00e4ndlich auch. Unser Mitarbeiter wird ihnen dann eine Infomail mit der Bitte um Kosten\u00fcbernahme zusenden ohne die er nicht t\u00e4tig werden darf. Die Abrechnung erfolgt dann nach der geleisteten Zeit<\/span><\/p>\t\t\t\t\t\t\t\t<\/div>\n\t\t\t\t<\/div>\n\t\t\t\t\t<\/div>\n\t\t<\/div>\n\t\t\t\t\t<\/div>\n\t\t<\/section>\n\t\t\t\t<\/div>\n\t\t","protected":false},"excerpt":{"rendered":"<p>Service Gerne bieten wir unseren Kunden ein ma\u00dfgeschneidertes Wartungskonzept an. Basis hierf\u00fcr ist der Upgrade Vertrag, der unseren Kunden w\u00e4hrend der Laufzeit das Nutzungsrecht an allen Upgrades und Updates unserer Softwareprodukte gew\u00e4hrt. Eine weitere Komponente ist der Hotline- oder Servicevertrag. Dieser kann in vielen Formen und mit vielen Inhalten ausgestattet werden. Von der \u201eeinfachen\u201c St\u00f6rungshotline [&hellip;]<\/p>\n","protected":false},"author":1,"featured_media":0,"parent":0,"menu_order":0,"comment_status":"closed","ping_status":"closed","template":"","meta":{"ocean_post_layout":"","ocean_both_sidebars_style":"","ocean_both_sidebars_content_width":0,"ocean_both_sidebars_sidebars_width":0,"ocean_sidebar":"0","ocean_second_sidebar":"0","ocean_disable_margins":"enable","ocean_add_body_class":"","ocean_shortcode_before_top_bar":"","ocean_shortcode_after_top_bar":"","ocean_shortcode_before_header":"","ocean_shortcode_after_header":"","ocean_has_shortcode":"","ocean_shortcode_after_title":"","ocean_shortcode_before_footer_widgets":"","ocean_shortcode_after_footer_widgets":"","ocean_shortcode_before_footer_bottom":"","ocean_shortcode_after_footer_bottom":"","ocean_display_top_bar":"default","ocean_display_header":"default","ocean_header_style":"","ocean_center_header_left_menu":"0","ocean_custom_header_template":"0","ocean_custom_logo":0,"ocean_custom_retina_logo":0,"ocean_custom_logo_max_width":0,"ocean_custom_logo_tablet_max_width":0,"ocean_custom_logo_mobile_max_width":0,"ocean_custom_logo_max_height":0,"ocean_custom_logo_tablet_max_height":0,"ocean_custom_logo_mobile_max_height":0,"ocean_header_custom_menu":"0","ocean_menu_typo_font_family":"0","ocean_menu_typo_font_subset":"","ocean_menu_typo_font_size":0,"ocean_menu_typo_font_size_tablet":0,"ocean_menu_typo_font_size_mobile":0,"ocean_menu_typo_font_size_unit":"px","ocean_menu_typo_font_weight":"","ocean_menu_typo_font_weight_tablet":"","ocean_menu_typo_font_weight_mobile":"","ocean_menu_typo_transform":"","ocean_menu_typo_transform_tablet":"","ocean_menu_typo_transform_mobile":"","ocean_menu_typo_line_height":0,"ocean_menu_typo_line_height_tablet":0,"ocean_menu_typo_line_height_mobile":0,"ocean_menu_typo_line_height_unit":"","ocean_menu_typo_spacing":0,"ocean_menu_typo_spacing_tablet":0,"ocean_menu_typo_spacing_mobile":0,"ocean_menu_typo_spacing_unit":"","ocean_menu_link_color":"","ocean_menu_link_color_hover":"","ocean_menu_link_color_active":"","ocean_menu_link_background":"","ocean_menu_link_hover_background":"","ocean_menu_link_active_background":"","ocean_menu_social_links_bg":"","ocean_menu_social_hover_links_bg":"","ocean_menu_social_links_color":"","ocean_menu_social_hover_links_color":"","ocean_disable_title":"default","ocean_disable_heading":"default","ocean_post_title":"","ocean_post_subheading":"","ocean_post_title_style":"","ocean_post_title_background_color":"","ocean_post_title_background":0,"ocean_post_title_bg_image_position":"","ocean_post_title_bg_image_attachment":"","ocean_post_title_bg_image_repeat":"","ocean_post_title_bg_image_size":"","ocean_post_title_height":0,"ocean_post_title_bg_overlay":0.5,"ocean_post_title_bg_overlay_color":"","ocean_disable_breadcrumbs":"default","ocean_breadcrumbs_color":"","ocean_breadcrumbs_separator_color":"","ocean_breadcrumbs_links_color":"","ocean_breadcrumbs_links_hover_color":"","ocean_display_footer_widgets":"default","ocean_display_footer_bottom":"default","ocean_custom_footer_template":"0","footnotes":""},"class_list":["post-44","page","type-page","status-publish","hentry","entry"],"yoast_head":"<!-- This site is optimized with the Yoast SEO plugin v26.0 - https:\/\/yoast.com\/wordpress\/plugins\/seo\/ -->\n<title>Service - Com-Point<\/title>\n<meta name=\"robots\" content=\"index, follow, max-snippet:-1, max-image-preview:large, max-video-preview:-1\" \/>\n<link rel=\"canonical\" href=\"https:\/\/www.com-point.de\/?page_id=44\" \/>\n<meta property=\"og:locale\" content=\"de_DE\" \/>\n<meta property=\"og:type\" content=\"article\" \/>\n<meta property=\"og:title\" content=\"Service - Com-Point\" \/>\n<meta property=\"og:description\" content=\"Service Gerne bieten wir unseren Kunden ein ma\u00dfgeschneidertes Wartungskonzept an. Basis hierf\u00fcr ist der Upgrade Vertrag, der unseren Kunden w\u00e4hrend der Laufzeit das Nutzungsrecht an allen Upgrades und Updates unserer Softwareprodukte gew\u00e4hrt. Eine weitere Komponente ist der Hotline- oder Servicevertrag. Dieser kann in vielen Formen und mit vielen Inhalten ausgestattet werden. Von der \u201eeinfachen\u201c St\u00f6rungshotline [&hellip;]\" \/>\n<meta property=\"og:url\" content=\"https:\/\/www.com-point.de\/?page_id=44\" \/>\n<meta property=\"og:site_name\" content=\"Com-Point\" \/>\n<meta property=\"article:modified_time\" content=\"2025-02-03T10:10:02+00:00\" \/>\n<meta property=\"og:image\" content=\"https:\/\/lb3.pcvisit.de\/v1\/hosted\/jumplink?func=external_website&productid=18&langid=de-DE&bs=win32&gradeid=12&version=22.7.6.1206&topic=client_image\" \/>\n<meta name=\"twitter:card\" content=\"summary_large_image\" \/>\n<meta name=\"twitter:label1\" content=\"Gesch\u00e4tzte Lesezeit\" \/>\n\t<meta name=\"twitter:data1\" content=\"1\u00a0Minute\" \/>\n<script type=\"application\/ld+json\" class=\"yoast-schema-graph\">{\"@context\":\"https:\/\/schema.org\",\"@graph\":[{\"@type\":\"WebPage\",\"@id\":\"https:\/\/www.com-point.de\/?page_id=44\",\"url\":\"https:\/\/www.com-point.de\/?page_id=44\",\"name\":\"Service - Com-Point\",\"isPartOf\":{\"@id\":\"https:\/\/www.com-point.de\/#website\"},\"primaryImageOfPage\":{\"@id\":\"https:\/\/www.com-point.de\/?page_id=44#primaryimage\"},\"image\":{\"@id\":\"https:\/\/www.com-point.de\/?page_id=44#primaryimage\"},\"thumbnailUrl\":\"https:\/\/lb3.pcvisit.de\/v1\/hosted\/jumplink?func=external_website&productid=18&langid=de-DE&bs=win32&gradeid=12&version=22.7.6.1206&topic=client_image\",\"datePublished\":\"2020-05-02T20:40:57+00:00\",\"dateModified\":\"2025-02-03T10:10:02+00:00\",\"breadcrumb\":{\"@id\":\"https:\/\/www.com-point.de\/?page_id=44#breadcrumb\"},\"inLanguage\":\"de\",\"potentialAction\":[{\"@type\":\"ReadAction\",\"target\":[\"https:\/\/www.com-point.de\/?page_id=44\"]}]},{\"@type\":\"ImageObject\",\"inLanguage\":\"de\",\"@id\":\"https:\/\/www.com-point.de\/?page_id=44#primaryimage\",\"url\":\"https:\/\/lb3.pcvisit.de\/v1\/hosted\/jumplink?func=external_website&productid=18&langid=de-DE&bs=win32&gradeid=12&version=22.7.6.1206&topic=client_image\",\"contentUrl\":\"https:\/\/lb3.pcvisit.de\/v1\/hosted\/jumplink?func=external_website&productid=18&langid=de-DE&bs=win32&gradeid=12&version=22.7.6.1206&topic=client_image\"},{\"@type\":\"BreadcrumbList\",\"@id\":\"https:\/\/www.com-point.de\/?page_id=44#breadcrumb\",\"itemListElement\":[{\"@type\":\"ListItem\",\"position\":1,\"name\":\"Startseite\",\"item\":\"https:\/\/www.com-point.de\/\"},{\"@type\":\"ListItem\",\"position\":2,\"name\":\"Service\"}]},{\"@type\":\"WebSite\",\"@id\":\"https:\/\/www.com-point.de\/#website\",\"url\":\"https:\/\/www.com-point.de\/\",\"name\":\"Com-Point\",\"description\":\"\",\"publisher\":{\"@id\":\"https:\/\/www.com-point.de\/#organization\"},\"potentialAction\":[{\"@type\":\"SearchAction\",\"target\":{\"@type\":\"EntryPoint\",\"urlTemplate\":\"https:\/\/www.com-point.de\/?s={search_term_string}\"},\"query-input\":{\"@type\":\"PropertyValueSpecification\",\"valueRequired\":true,\"valueName\":\"search_term_string\"}}],\"inLanguage\":\"de\"},{\"@type\":\"Organization\",\"@id\":\"https:\/\/www.com-point.de\/#organization\",\"name\":\"Com-Point\",\"url\":\"https:\/\/www.com-point.de\/\",\"logo\":{\"@type\":\"ImageObject\",\"inLanguage\":\"de\",\"@id\":\"https:\/\/www.com-point.de\/#\/schema\/logo\/image\/\",\"url\":\"https:\/\/www.com-point.de\/wp-content\/uploads\/2020\/05\/cropped-CP_Logo.png\",\"contentUrl\":\"https:\/\/www.com-point.de\/wp-content\/uploads\/2020\/05\/cropped-CP_Logo.png\",\"width\":272,\"height\":114,\"caption\":\"Com-Point\"},\"image\":{\"@id\":\"https:\/\/www.com-point.de\/#\/schema\/logo\/image\/\"}}]}<\/script>\n<!-- \/ Yoast SEO plugin. -->","yoast_head_json":{"title":"Service - Com-Point","robots":{"index":"index","follow":"follow","max-snippet":"max-snippet:-1","max-image-preview":"max-image-preview:large","max-video-preview":"max-video-preview:-1"},"canonical":"https:\/\/www.com-point.de\/?page_id=44","og_locale":"de_DE","og_type":"article","og_title":"Service - Com-Point","og_description":"Service Gerne bieten wir unseren Kunden ein ma\u00dfgeschneidertes Wartungskonzept an. Basis hierf\u00fcr ist der Upgrade Vertrag, der unseren Kunden w\u00e4hrend der Laufzeit das Nutzungsrecht an allen Upgrades und Updates unserer Softwareprodukte gew\u00e4hrt. Eine weitere Komponente ist der Hotline- oder Servicevertrag. Dieser kann in vielen Formen und mit vielen Inhalten ausgestattet werden. Von der \u201eeinfachen\u201c St\u00f6rungshotline [&hellip;]","og_url":"https:\/\/www.com-point.de\/?page_id=44","og_site_name":"Com-Point","article_modified_time":"2025-02-03T10:10:02+00:00","og_image":[{"url":"https:\/\/lb3.pcvisit.de\/v1\/hosted\/jumplink?func=external_website&productid=18&langid=de-DE&bs=win32&gradeid=12&version=22.7.6.1206&topic=client_image","type":"","width":"","height":""}],"twitter_card":"summary_large_image","twitter_misc":{"Gesch\u00e4tzte Lesezeit":"1\u00a0Minute"},"schema":{"@context":"https:\/\/schema.org","@graph":[{"@type":"WebPage","@id":"https:\/\/www.com-point.de\/?page_id=44","url":"https:\/\/www.com-point.de\/?page_id=44","name":"Service - Com-Point","isPartOf":{"@id":"https:\/\/www.com-point.de\/#website"},"primaryImageOfPage":{"@id":"https:\/\/www.com-point.de\/?page_id=44#primaryimage"},"image":{"@id":"https:\/\/www.com-point.de\/?page_id=44#primaryimage"},"thumbnailUrl":"https:\/\/lb3.pcvisit.de\/v1\/hosted\/jumplink?func=external_website&productid=18&langid=de-DE&bs=win32&gradeid=12&version=22.7.6.1206&topic=client_image","datePublished":"2020-05-02T20:40:57+00:00","dateModified":"2025-02-03T10:10:02+00:00","breadcrumb":{"@id":"https:\/\/www.com-point.de\/?page_id=44#breadcrumb"},"inLanguage":"de","potentialAction":[{"@type":"ReadAction","target":["https:\/\/www.com-point.de\/?page_id=44"]}]},{"@type":"ImageObject","inLanguage":"de","@id":"https:\/\/www.com-point.de\/?page_id=44#primaryimage","url":"https:\/\/lb3.pcvisit.de\/v1\/hosted\/jumplink?func=external_website&productid=18&langid=de-DE&bs=win32&gradeid=12&version=22.7.6.1206&topic=client_image","contentUrl":"https:\/\/lb3.pcvisit.de\/v1\/hosted\/jumplink?func=external_website&productid=18&langid=de-DE&bs=win32&gradeid=12&version=22.7.6.1206&topic=client_image"},{"@type":"BreadcrumbList","@id":"https:\/\/www.com-point.de\/?page_id=44#breadcrumb","itemListElement":[{"@type":"ListItem","position":1,"name":"Startseite","item":"https:\/\/www.com-point.de\/"},{"@type":"ListItem","position":2,"name":"Service"}]},{"@type":"WebSite","@id":"https:\/\/www.com-point.de\/#website","url":"https:\/\/www.com-point.de\/","name":"Com-Point","description":"","publisher":{"@id":"https:\/\/www.com-point.de\/#organization"},"potentialAction":[{"@type":"SearchAction","target":{"@type":"EntryPoint","urlTemplate":"https:\/\/www.com-point.de\/?s={search_term_string}"},"query-input":{"@type":"PropertyValueSpecification","valueRequired":true,"valueName":"search_term_string"}}],"inLanguage":"de"},{"@type":"Organization","@id":"https:\/\/www.com-point.de\/#organization","name":"Com-Point","url":"https:\/\/www.com-point.de\/","logo":{"@type":"ImageObject","inLanguage":"de","@id":"https:\/\/www.com-point.de\/#\/schema\/logo\/image\/","url":"https:\/\/www.com-point.de\/wp-content\/uploads\/2020\/05\/cropped-CP_Logo.png","contentUrl":"https:\/\/www.com-point.de\/wp-content\/uploads\/2020\/05\/cropped-CP_Logo.png","width":272,"height":114,"caption":"Com-Point"},"image":{"@id":"https:\/\/www.com-point.de\/#\/schema\/logo\/image\/"}}]}},"_links":{"self":[{"href":"https:\/\/www.com-point.de\/index.php?rest_route=\/wp\/v2\/pages\/44","targetHints":{"allow":["GET"]}}],"collection":[{"href":"https:\/\/www.com-point.de\/index.php?rest_route=\/wp\/v2\/pages"}],"about":[{"href":"https:\/\/www.com-point.de\/index.php?rest_route=\/wp\/v2\/types\/page"}],"author":[{"embeddable":true,"href":"https:\/\/www.com-point.de\/index.php?rest_route=\/wp\/v2\/users\/1"}],"replies":[{"embeddable":true,"href":"https:\/\/www.com-point.de\/index.php?rest_route=%2Fwp%2Fv2%2Fcomments&post=44"}],"version-history":[{"count":83,"href":"https:\/\/www.com-point.de\/index.php?rest_route=\/wp\/v2\/pages\/44\/revisions"}],"predecessor-version":[{"id":1612,"href":"https:\/\/www.com-point.de\/index.php?rest_route=\/wp\/v2\/pages\/44\/revisions\/1612"}],"wp:attachment":[{"href":"https:\/\/www.com-point.de\/index.php?rest_route=%2Fwp%2Fv2%2Fmedia&parent=44"}],"curies":[{"name":"wp","href":"https:\/\/api.w.org\/{rel}","templated":true}]}}