{"id":7,"date":"2020-05-02T19:52:33","date_gmt":"2020-05-02T19:52:33","guid":{"rendered":"https:\/\/www.com-point.de\/?page_id=7"},"modified":"2025-05-09T09:39:20","modified_gmt":"2025-05-09T09:39:20","slug":"home","status":"publish","type":"page","link":"https:\/\/www.com-point.de\/","title":{"rendered":"Home"},"content":{"rendered":"\t\t<div data-elementor-type=\"wp-page\" data-elementor-id=\"7\" class=\"elementor elementor-7\" data-elementor-post-type=\"page\">\n\t\t\t\t\t\t<section class=\"elementor-section elementor-top-section elementor-element elementor-element-e047a4a elementor-section-boxed elementor-section-height-default elementor-section-height-default\" data-id=\"e047a4a\" data-element_type=\"section\" data-e-type=\"section\">\n\t\t\t\t\t\t<div class=\"elementor-container elementor-column-gap-default\">\n\t\t\t\t\t<div class=\"elementor-column elementor-col-100 elementor-top-column elementor-element elementor-element-70baca2\" data-id=\"70baca2\" data-element_type=\"column\" data-e-type=\"column\">\n\t\t\t<div class=\"elementor-widget-wrap elementor-element-populated\">\n\t\t\t\t\t\t\t<\/div>\n\t\t<\/div>\n\t\t\t\t\t<\/div>\n\t\t<\/section>\n\t\t\t\t<section class=\"elementor-section elementor-top-section elementor-element elementor-element-418b219 elementor-section-height-min-height elementor-section-boxed elementor-section-height-default elementor-section-items-middle\" data-id=\"418b219\" data-element_type=\"section\" data-e-type=\"section\">\n\t\t\t\t\t\t<div class=\"elementor-container elementor-column-gap-default\">\n\t\t\t\t\t<div class=\"elementor-column elementor-col-100 elementor-top-column elementor-element elementor-element-d6cb206\" data-id=\"d6cb206\" data-element_type=\"column\" data-e-type=\"column\">\n\t\t\t<div class=\"elementor-widget-wrap\">\n\t\t\t\t\t\t\t<\/div>\n\t\t<\/div>\n\t\t\t\t\t<\/div>\n\t\t<\/section>\n\t\t\t\t<section class=\"elementor-section elementor-top-section elementor-element elementor-element-c563875 elementor-section-boxed elementor-section-height-default elementor-section-height-default elementor-invisible\" data-id=\"c563875\" data-element_type=\"section\" data-e-type=\"section\" data-settings=\"{&quot;animation&quot;:&quot;fadeInUp&quot;}\">\n\t\t\t\t\t\t<div class=\"elementor-container elementor-column-gap-default\">\n\t\t\t\t\t<div class=\"elementor-column elementor-col-100 elementor-top-column elementor-element elementor-element-359a4f5\" data-id=\"359a4f5\" data-element_type=\"column\" data-e-type=\"column\">\n\t\t\t<div class=\"elementor-widget-wrap elementor-element-populated\">\n\t\t\t\t\t\t<div class=\"elementor-element elementor-element-a396b07 elementor-widget elementor-widget-heading\" data-id=\"a396b07\" data-element_type=\"widget\" data-e-type=\"widget\" data-widget_type=\"heading.default\">\n\t\t\t\t<div class=\"elementor-widget-container\">\n\t\t\t\t\t<h1 class=\"elementor-heading-title elementor-size-xl\">Herzlich Willkommen bei der COM.POINT GmbH<\/h1>\t\t\t\t<\/div>\n\t\t\t\t<\/div>\n\t\t\t\t\t<\/div>\n\t\t<\/div>\n\t\t\t\t\t<\/div>\n\t\t<\/section>\n\t\t\t\t<section class=\"elementor-section elementor-top-section elementor-element elementor-element-254f59af elementor-section-stretched elementor-section-full_width elementor-section-height-default elementor-section-height-default elementor-invisible\" data-id=\"254f59af\" data-element_type=\"section\" data-e-type=\"section\" data-settings=\"{&quot;background_background&quot;:&quot;classic&quot;,&quot;stretch_section&quot;:&quot;section-stretched&quot;,&quot;animation&quot;:&quot;fadeInUp&quot;}\">\n\t\t\t\t\t\t<div class=\"elementor-container elementor-column-gap-default\">\n\t\t\t\t\t<div class=\"elementor-column elementor-col-50 elementor-top-column elementor-element elementor-element-5b24315b\" data-id=\"5b24315b\" data-element_type=\"column\" data-e-type=\"column\">\n\t\t\t<div class=\"elementor-widget-wrap elementor-element-populated\">\n\t\t\t\t\t\t<div class=\"elementor-element elementor-element-e849fa9 elementor-widget elementor-widget-heading\" data-id=\"e849fa9\" data-element_type=\"widget\" data-e-type=\"widget\" data-widget_type=\"heading.default\">\n\t\t\t\t<div class=\"elementor-widget-container\">\n\t\t\t\t\t<h2 class=\"elementor-heading-title elementor-size-default\"><h4><strong>Die Anforderungen an moderne Systeme zur Benachrichtigung oder Information      anderer Menschen in <br>besonderen Lagen stellt immer h\u00f6here Anforderungen an die Arbeitsweise der zentralen Systeme<\/strong><\/h4><\/h2>\t\t\t\t<\/div>\n\t\t\t\t<\/div>\n\t\t\t\t<div class=\"elementor-element elementor-element-1c386195 elementor-widget elementor-widget-text-editor\" data-id=\"1c386195\" data-element_type=\"widget\" data-e-type=\"widget\" data-widget_type=\"text-editor.default\">\n\t\t\t\t<div class=\"elementor-widget-container\">\n\t\t\t\t\t\t\t\t\t<p style=\"text-align: left;\">Vom Mitarbeiteralarm, der sowohl still, als auch \u00fcber Hupen, Sirenen oder Lichtsysteme laut angek\u00fcndigt werden kann, \u00fcber den Bedrohungs- und Amokalarm an Schulen, oder in anderen \u00f6ffentlichen Einrichtungen, die Notrufl\u00f6sung m<span style=\"color: #ff0000;\">3<\/span>rlin stellt immer die sichere und richtige L\u00f6sung bereit, wenn es um eine zuverl\u00e4ssige Alarmierung geht. Durch die Inklusion kommt es in vielen F\u00e4llen zu Situationen, in denen m<span style=\"color: #ff0000;\">3<\/span>rlin mit seiner einzigartigen Notfallkonferenz zuverl\u00e4ssig hilft, besonnen und richtig mit besonderen Situationen umzugehen.<\/p><p>Dar\u00fcber hinaus wird m<span style=\"color: #ff0000;\">3<\/span>rlin auch f\u00fcr Evakuierungsaufgaben, als Erg\u00e4nzung bei der Kopplung von BMZ-, Hausnotruf- oder Lichtrufanlagen und der Telefonie eingesetzt.<\/p><p>Mehr als 40000 Menschen vertrauen in Beh\u00f6rden auf unsere Zuverl\u00e4ssigkeit\u00a0 und Sicherheit, in der Chemie- und Medizinbranche setzt<br \/>man m<span style=\"color: #ff0000;\">3<\/span>rlin ebenso ein wie in der Herstellung elektronischer Bauteile. Egal ob es sich um ein Notrufsystem f\u00fcr Anwender mobiler Sauerstoffger\u00e4te oder ein Meldesystem f\u00fcr eine europ\u00e4ische Tankstellen- und Erd\u00f6lkette geht, Kunden aus vielen Branchen und mit den unterschiedlichsten\u00a0 Aufgabenstellungen setzen auf unser Knowhow.<\/p>\t\t\t\t\t\t\t\t<\/div>\n\t\t\t\t<\/div>\n\t\t\t\t<section class=\"elementor-section elementor-inner-section elementor-element elementor-element-3d7d3450 elementor-section-full_width elementor-section-height-default elementor-section-height-default\" data-id=\"3d7d3450\" data-element_type=\"section\" data-e-type=\"section\">\n\t\t\t\t\t\t<div class=\"elementor-container elementor-column-gap-default\">\n\t\t\t\t\t<div class=\"elementor-column elementor-col-33 elementor-inner-column elementor-element elementor-element-3b3b0fd6\" data-id=\"3b3b0fd6\" data-element_type=\"column\" data-e-type=\"column\">\n\t\t\t<div class=\"elementor-widget-wrap elementor-element-populated\">\n\t\t\t\t\t\t<div class=\"elementor-element elementor-element-2e4879b0 elementor-widget elementor-widget-heading\" data-id=\"2e4879b0\" data-element_type=\"widget\" data-e-type=\"widget\" data-widget_type=\"heading.default\">\n\t\t\t\t<div class=\"elementor-widget-container\">\n\t\t\t\t\t<h2 class=\"elementor-heading-title elementor-size-default\">Din Konform<\/h2>\t\t\t\t<\/div>\n\t\t\t\t<\/div>\n\t\t\t\t<div class=\"elementor-element elementor-element-7c1c9498 elementor-widget elementor-widget-text-editor\" data-id=\"7c1c9498\" data-element_type=\"widget\" data-e-type=\"widget\" data-widget_type=\"text-editor.default\">\n\t\t\t\t<div class=\"elementor-widget-container\">\n\t\t\t\t\t\t\t\t\t<p>Nat\u00fcrlich h\u00e4lt m<span style=\"color: #ff0000;\">3<\/span>rlin die Vorgaben f\u00fcr NGRS-Systeme der DIN VDE 0827-1 und DIN VDE 0827-2 ein.<\/p>\t\t\t\t\t\t\t\t<\/div>\n\t\t\t\t<\/div>\n\t\t\t\t\t<\/div>\n\t\t<\/div>\n\t\t\t\t<div class=\"elementor-column elementor-col-33 elementor-inner-column elementor-element elementor-element-7d2af91\" data-id=\"7d2af91\" data-element_type=\"column\" data-e-type=\"column\">\n\t\t\t<div class=\"elementor-widget-wrap elementor-element-populated\">\n\t\t\t\t\t\t\t<\/div>\n\t\t<\/div>\n\t\t\t\t<div class=\"elementor-column elementor-col-33 elementor-inner-column elementor-element elementor-element-55bada6f\" data-id=\"55bada6f\" data-element_type=\"column\" data-e-type=\"column\">\n\t\t\t<div class=\"elementor-widget-wrap elementor-element-populated\">\n\t\t\t\t\t\t<div class=\"elementor-element elementor-element-4332833c elementor-widget elementor-widget-heading\" data-id=\"4332833c\" data-element_type=\"widget\" data-e-type=\"widget\" data-widget_type=\"heading.default\">\n\t\t\t\t<div class=\"elementor-widget-container\">\n\t\t\t\t\t<h3 class=\"elementor-heading-title elementor-size-default\">Vielf\u00e4ltige Schnittstellen<\/h3>\t\t\t\t<\/div>\n\t\t\t\t<\/div>\n\t\t\t\t<div class=\"elementor-element elementor-element-4a66eb70 elementor-widget elementor-widget-text-editor\" data-id=\"4a66eb70\" data-element_type=\"widget\" data-e-type=\"widget\" data-widget_type=\"text-editor.default\">\n\t\t\t\t<div class=\"elementor-widget-container\">\n\t\t\t\t\t\t\t\t\t<p>und ein reiches Instrumentarium an Ereignissteuerungen lassen diese L\u00f6sung zum universellen Werkzeug werden. <\/p>\t\t\t\t\t\t\t\t<\/div>\n\t\t\t\t<\/div>\n\t\t\t\t\t<\/div>\n\t\t<\/div>\n\t\t\t\t\t<\/div>\n\t\t<\/section>\n\t\t\t\t\t<\/div>\n\t\t<\/div>\n\t\t\t\t<div class=\"elementor-column elementor-col-50 elementor-top-column elementor-element elementor-element-1e152bcb\" data-id=\"1e152bcb\" data-element_type=\"column\" data-e-type=\"column\" data-settings=\"{&quot;background_background&quot;:&quot;classic&quot;}\">\n\t\t\t<div class=\"elementor-widget-wrap elementor-element-populated\">\n\t\t\t\t\t\t<div class=\"elementor-element elementor-element-47069301 elementor-widget elementor-widget-heading\" data-id=\"47069301\" data-element_type=\"widget\" data-e-type=\"widget\" data-widget_type=\"heading.default\">\n\t\t\t\t<div class=\"elementor-widget-container\">\n\t\t\t\t\t<h2 class=\"elementor-heading-title elementor-size-default\">Caption title<\/h2>\t\t\t\t<\/div>\n\t\t\t\t<\/div>\n\t\t\t\t\t<\/div>\n\t\t<\/div>\n\t\t\t\t\t<\/div>\n\t\t<\/section>\n\t\t\t\t<\/div>\n\t\t","protected":false},"excerpt":{"rendered":"<p>Herzlich Willkommen bei der COM.POINT GmbH Die Anforderungen an moderne Systeme zur Benachrichtigung oder Information anderer Menschen in besonderen Lagen stellt immer h\u00f6here Anforderungen an die Arbeitsweise der zentralen Systeme Vom Mitarbeiteralarm, der sowohl still, als auch \u00fcber Hupen, Sirenen oder Lichtsysteme laut angek\u00fcndigt werden kann, \u00fcber den Bedrohungs- und Amokalarm an Schulen, oder in [&hellip;]<\/p>\n","protected":false},"author":1,"featured_media":0,"parent":0,"menu_order":0,"comment_status":"closed","ping_status":"closed","template":"","meta":{"ocean_post_layout":"full-screen","ocean_both_sidebars_style":"","ocean_both_sidebars_content_width":0,"ocean_both_sidebars_sidebars_width":0,"ocean_sidebar":"0","ocean_second_sidebar":"0","ocean_disable_margins":"enable","ocean_add_body_class":"","ocean_shortcode_before_top_bar":"","ocean_shortcode_after_top_bar":"","ocean_shortcode_before_header":"","ocean_shortcode_after_header":"","ocean_has_shortcode":"","ocean_shortcode_after_title":"","ocean_shortcode_before_footer_widgets":"","ocean_shortcode_after_footer_widgets":"","ocean_shortcode_before_footer_bottom":"","ocean_shortcode_after_footer_bottom":"","ocean_display_top_bar":"off","ocean_display_header":"default","ocean_header_style":"","ocean_center_header_left_menu":"0","ocean_custom_header_template":"0","ocean_custom_logo":0,"ocean_custom_retina_logo":0,"ocean_custom_logo_max_width":0,"ocean_custom_logo_tablet_max_width":0,"ocean_custom_logo_mobile_max_width":0,"ocean_custom_logo_max_height":0,"ocean_custom_logo_tablet_max_height":0,"ocean_custom_logo_mobile_max_height":0,"ocean_header_custom_menu":"0","ocean_menu_typo_font_family":"0","ocean_menu_typo_font_subset":"","ocean_menu_typo_font_size":0,"ocean_menu_typo_font_size_tablet":0,"ocean_menu_typo_font_size_mobile":0,"ocean_menu_typo_font_size_unit":"px","ocean_menu_typo_font_weight":"","ocean_menu_typo_font_weight_tablet":"","ocean_menu_typo_font_weight_mobile":"","ocean_menu_typo_transform":"","ocean_menu_typo_transform_tablet":"","ocean_menu_typo_transform_mobile":"","ocean_menu_typo_line_height":0,"ocean_menu_typo_line_height_tablet":0,"ocean_menu_typo_line_height_mobile":0,"ocean_menu_typo_line_height_unit":"","ocean_menu_typo_spacing":0,"ocean_menu_typo_spacing_tablet":0,"ocean_menu_typo_spacing_mobile":0,"ocean_menu_typo_spacing_unit":"","ocean_menu_link_color":"","ocean_menu_link_color_hover":"","ocean_menu_link_color_active":"","ocean_menu_link_background":"","ocean_menu_link_hover_background":"","ocean_menu_link_active_background":"","ocean_menu_social_links_bg":"","ocean_menu_social_hover_links_bg":"","ocean_menu_social_links_color":"","ocean_menu_social_hover_links_color":"","ocean_disable_title":"on","ocean_disable_heading":"default","ocean_post_title":"","ocean_post_subheading":"","ocean_post_title_style":"","ocean_post_title_background_color":"","ocean_post_title_background":0,"ocean_post_title_bg_image_position":"","ocean_post_title_bg_image_attachment":"","ocean_post_title_bg_image_repeat":"","ocean_post_title_bg_image_size":"","ocean_post_title_height":0,"ocean_post_title_bg_overlay":0.5,"ocean_post_title_bg_overlay_color":"","ocean_disable_breadcrumbs":"default","ocean_breadcrumbs_color":"","ocean_breadcrumbs_separator_color":"","ocean_breadcrumbs_links_color":"","ocean_breadcrumbs_links_hover_color":"","ocean_display_footer_widgets":"default","ocean_display_footer_bottom":"default","ocean_custom_footer_template":"0","footnotes":""},"class_list":["post-7","page","type-page","status-publish","hentry","entry"],"yoast_head":"<!-- This site is optimized with the Yoast SEO plugin v26.0 - https:\/\/yoast.com\/wordpress\/plugins\/seo\/ -->\n<title>Notrufl\u00f6sungen &amp; Alarmierungssysteme | Com-Point<\/title>\n<meta name=\"description\" content=\"Com-Point bietet innovative Notrufl\u00f6sungen &amp; Alarmierungssysteme f\u00fcr Unternehmen und Beh\u00f6rden. Effizient, sicher &amp; einfach zu bedienen!\" \/>\n<meta name=\"robots\" content=\"index, follow, max-snippet:-1, max-image-preview:large, max-video-preview:-1\" \/>\n<link rel=\"canonical\" href=\"https:\/\/www.com-point.de\/\" \/>\n<meta property=\"og:locale\" content=\"de_DE\" \/>\n<meta property=\"og:type\" content=\"article\" \/>\n<meta property=\"og:title\" content=\"Notrufl\u00f6sungen &amp; Alarmierungssysteme | Com-Point\" \/>\n<meta property=\"og:description\" content=\"Com-Point bietet innovative Notrufl\u00f6sungen &amp; Alarmierungssysteme f\u00fcr Unternehmen und Beh\u00f6rden. Effizient, sicher &amp; einfach zu bedienen!\" \/>\n<meta property=\"og:url\" content=\"https:\/\/www.com-point.de\/\" \/>\n<meta property=\"og:site_name\" content=\"Com-Point\" \/>\n<meta property=\"article:modified_time\" content=\"2025-05-09T09:39:20+00:00\" \/>\n<meta name=\"twitter:card\" content=\"summary_large_image\" \/>\n<meta name=\"twitter:label1\" content=\"Gesch\u00e4tzte Lesezeit\" \/>\n\t<meta name=\"twitter:data1\" content=\"2\u00a0Minuten\" \/>\n<script type=\"application\/ld+json\" class=\"yoast-schema-graph\">{\"@context\":\"https:\/\/schema.org\",\"@graph\":[{\"@type\":\"WebPage\",\"@id\":\"https:\/\/www.com-point.de\/\",\"url\":\"https:\/\/www.com-point.de\/\",\"name\":\"Notrufl\u00f6sungen & Alarmierungssysteme | Com-Point\",\"isPartOf\":{\"@id\":\"https:\/\/www.com-point.de\/#website\"},\"datePublished\":\"2020-05-02T19:52:33+00:00\",\"dateModified\":\"2025-05-09T09:39:20+00:00\",\"description\":\"Com-Point bietet innovative Notrufl\u00f6sungen & Alarmierungssysteme f\u00fcr Unternehmen und Beh\u00f6rden. Effizient, sicher & einfach zu bedienen!\",\"breadcrumb\":{\"@id\":\"https:\/\/www.com-point.de\/#breadcrumb\"},\"inLanguage\":\"de\",\"potentialAction\":[{\"@type\":\"ReadAction\",\"target\":[\"https:\/\/www.com-point.de\/\"]}]},{\"@type\":\"BreadcrumbList\",\"@id\":\"https:\/\/www.com-point.de\/#breadcrumb\",\"itemListElement\":[{\"@type\":\"ListItem\",\"position\":1,\"name\":\"Startseite\",\"item\":\"https:\/\/www.com-point.de\/\"},{\"@type\":\"ListItem\",\"position\":2,\"name\":\"Home\"}]},{\"@type\":\"WebSite\",\"@id\":\"https:\/\/www.com-point.de\/#website\",\"url\":\"https:\/\/www.com-point.de\/\",\"name\":\"Com-Point\",\"description\":\"\",\"publisher\":{\"@id\":\"https:\/\/www.com-point.de\/#organization\"},\"potentialAction\":[{\"@type\":\"SearchAction\",\"target\":{\"@type\":\"EntryPoint\",\"urlTemplate\":\"https:\/\/www.com-point.de\/?s={search_term_string}\"},\"query-input\":{\"@type\":\"PropertyValueSpecification\",\"valueRequired\":true,\"valueName\":\"search_term_string\"}}],\"inLanguage\":\"de\"},{\"@type\":\"Organization\",\"@id\":\"https:\/\/www.com-point.de\/#organization\",\"name\":\"Com-Point\",\"url\":\"https:\/\/www.com-point.de\/\",\"logo\":{\"@type\":\"ImageObject\",\"inLanguage\":\"de\",\"@id\":\"https:\/\/www.com-point.de\/#\/schema\/logo\/image\/\",\"url\":\"https:\/\/www.com-point.de\/wp-content\/uploads\/2020\/05\/cropped-CP_Logo.png\",\"contentUrl\":\"https:\/\/www.com-point.de\/wp-content\/uploads\/2020\/05\/cropped-CP_Logo.png\",\"width\":272,\"height\":114,\"caption\":\"Com-Point\"},\"image\":{\"@id\":\"https:\/\/www.com-point.de\/#\/schema\/logo\/image\/\"}}]}<\/script>\n<!-- \/ Yoast SEO plugin. -->","yoast_head_json":{"title":"Notrufl\u00f6sungen & Alarmierungssysteme | Com-Point","description":"Com-Point bietet innovative Notrufl\u00f6sungen & Alarmierungssysteme f\u00fcr Unternehmen und Beh\u00f6rden. Effizient, sicher & einfach zu bedienen!","robots":{"index":"index","follow":"follow","max-snippet":"max-snippet:-1","max-image-preview":"max-image-preview:large","max-video-preview":"max-video-preview:-1"},"canonical":"https:\/\/www.com-point.de\/","og_locale":"de_DE","og_type":"article","og_title":"Notrufl\u00f6sungen & Alarmierungssysteme | Com-Point","og_description":"Com-Point bietet innovative Notrufl\u00f6sungen & Alarmierungssysteme f\u00fcr Unternehmen und Beh\u00f6rden. Effizient, sicher & einfach zu bedienen!","og_url":"https:\/\/www.com-point.de\/","og_site_name":"Com-Point","article_modified_time":"2025-05-09T09:39:20+00:00","twitter_card":"summary_large_image","twitter_misc":{"Gesch\u00e4tzte Lesezeit":"2\u00a0Minuten"},"schema":{"@context":"https:\/\/schema.org","@graph":[{"@type":"WebPage","@id":"https:\/\/www.com-point.de\/","url":"https:\/\/www.com-point.de\/","name":"Notrufl\u00f6sungen & Alarmierungssysteme | Com-Point","isPartOf":{"@id":"https:\/\/www.com-point.de\/#website"},"datePublished":"2020-05-02T19:52:33+00:00","dateModified":"2025-05-09T09:39:20+00:00","description":"Com-Point bietet innovative Notrufl\u00f6sungen & Alarmierungssysteme f\u00fcr Unternehmen und Beh\u00f6rden. Effizient, sicher & einfach zu bedienen!","breadcrumb":{"@id":"https:\/\/www.com-point.de\/#breadcrumb"},"inLanguage":"de","potentialAction":[{"@type":"ReadAction","target":["https:\/\/www.com-point.de\/"]}]},{"@type":"BreadcrumbList","@id":"https:\/\/www.com-point.de\/#breadcrumb","itemListElement":[{"@type":"ListItem","position":1,"name":"Startseite","item":"https:\/\/www.com-point.de\/"},{"@type":"ListItem","position":2,"name":"Home"}]},{"@type":"WebSite","@id":"https:\/\/www.com-point.de\/#website","url":"https:\/\/www.com-point.de\/","name":"Com-Point","description":"","publisher":{"@id":"https:\/\/www.com-point.de\/#organization"},"potentialAction":[{"@type":"SearchAction","target":{"@type":"EntryPoint","urlTemplate":"https:\/\/www.com-point.de\/?s={search_term_string}"},"query-input":{"@type":"PropertyValueSpecification","valueRequired":true,"valueName":"search_term_string"}}],"inLanguage":"de"},{"@type":"Organization","@id":"https:\/\/www.com-point.de\/#organization","name":"Com-Point","url":"https:\/\/www.com-point.de\/","logo":{"@type":"ImageObject","inLanguage":"de","@id":"https:\/\/www.com-point.de\/#\/schema\/logo\/image\/","url":"https:\/\/www.com-point.de\/wp-content\/uploads\/2020\/05\/cropped-CP_Logo.png","contentUrl":"https:\/\/www.com-point.de\/wp-content\/uploads\/2020\/05\/cropped-CP_Logo.png","width":272,"height":114,"caption":"Com-Point"},"image":{"@id":"https:\/\/www.com-point.de\/#\/schema\/logo\/image\/"}}]}},"_links":{"self":[{"href":"https:\/\/www.com-point.de\/index.php?rest_route=\/wp\/v2\/pages\/7","targetHints":{"allow":["GET"]}}],"collection":[{"href":"https:\/\/www.com-point.de\/index.php?rest_route=\/wp\/v2\/pages"}],"about":[{"href":"https:\/\/www.com-point.de\/index.php?rest_route=\/wp\/v2\/types\/page"}],"author":[{"embeddable":true,"href":"https:\/\/www.com-point.de\/index.php?rest_route=\/wp\/v2\/users\/1"}],"replies":[{"embeddable":true,"href":"https:\/\/www.com-point.de\/index.php?rest_route=%2Fwp%2Fv2%2Fcomments&post=7"}],"version-history":[{"count":59,"href":"https:\/\/www.com-point.de\/index.php?rest_route=\/wp\/v2\/pages\/7\/revisions"}],"predecessor-version":[{"id":1643,"href":"https:\/\/www.com-point.de\/index.php?rest_route=\/wp\/v2\/pages\/7\/revisions\/1643"}],"wp:attachment":[{"href":"https:\/\/www.com-point.de\/index.php?rest_route=%2Fwp%2Fv2%2Fmedia&parent=7"}],"curies":[{"name":"wp","href":"https:\/\/api.w.org\/{rel}","templated":true}]}}