{"id":763,"date":"2020-06-16T11:16:50","date_gmt":"2020-06-16T11:16:50","guid":{"rendered":"https:\/\/www.com-point.de\/?page_id=763"},"modified":"2025-05-09T09:40:35","modified_gmt":"2025-05-09T09:40:35","slug":"kontakt","status":"publish","type":"page","link":"https:\/\/www.com-point.de\/?page_id=763","title":{"rendered":"Kontakt"},"content":{"rendered":"\t\t<div data-elementor-type=\"wp-page\" data-elementor-id=\"763\" class=\"elementor elementor-763\" data-elementor-post-type=\"page\">\n\t\t\t\t\t\t<section class=\"elementor-section elementor-top-section elementor-element elementor-element-8795a12 elementor-section-boxed elementor-section-height-default elementor-section-height-default\" data-id=\"8795a12\" data-element_type=\"section\" data-e-type=\"section\">\n\t\t\t\t\t\t<div class=\"elementor-container elementor-column-gap-default\">\n\t\t\t\t\t<div class=\"elementor-column elementor-col-100 elementor-top-column elementor-element elementor-element-6fdd6a0\" data-id=\"6fdd6a0\" data-element_type=\"column\" data-e-type=\"column\">\n\t\t\t<div class=\"elementor-widget-wrap elementor-element-populated\">\n\t\t\t\t\t\t<div class=\"elementor-element elementor-element-75ee03b elementor-widget elementor-widget-heading\" data-id=\"75ee03b\" data-element_type=\"widget\" data-e-type=\"widget\" data-widget_type=\"heading.default\">\n\t\t\t\t<div class=\"elementor-widget-container\">\n\t\t\t\t\t<h2 class=\"elementor-heading-title elementor-size-default\">Wir freuen uns auf Ihre Kontaktaufnahme<\/h2>\t\t\t\t<\/div>\n\t\t\t\t<\/div>\n\t\t\t\t\t<\/div>\n\t\t<\/div>\n\t\t\t\t\t<\/div>\n\t\t<\/section>\n\t\t\t\t<section class=\"elementor-section elementor-top-section elementor-element elementor-element-cb58541 elementor-section-boxed elementor-section-height-default elementor-section-height-default\" data-id=\"cb58541\" data-element_type=\"section\" data-e-type=\"section\">\n\t\t\t\t\t\t<div class=\"elementor-container elementor-column-gap-default\">\n\t\t\t\t\t<div class=\"elementor-column elementor-col-100 elementor-top-column elementor-element elementor-element-3e9b593\" data-id=\"3e9b593\" data-element_type=\"column\" data-e-type=\"column\">\n\t\t\t<div class=\"elementor-widget-wrap\">\n\t\t\t\t\t\t\t<\/div>\n\t\t<\/div>\n\t\t\t\t\t<\/div>\n\t\t<\/section>\n\t\t\t\t<section class=\"elementor-section elementor-top-section elementor-element elementor-element-9453944 elementor-section-boxed elementor-section-height-default elementor-section-height-default\" data-id=\"9453944\" data-element_type=\"section\" data-e-type=\"section\">\n\t\t\t\t\t\t<div class=\"elementor-container elementor-column-gap-default\">\n\t\t\t\t\t<div class=\"elementor-column elementor-col-100 elementor-top-column elementor-element elementor-element-eb79929\" data-id=\"eb79929\" data-element_type=\"column\" data-e-type=\"column\">\n\t\t\t<div class=\"elementor-widget-wrap elementor-element-populated\">\n\t\t\t\t\t\t<div class=\"elementor-element elementor-element-6d55094 elementor-widget elementor-widget-text-editor\" data-id=\"6d55094\" data-element_type=\"widget\" data-e-type=\"widget\" data-widget_type=\"text-editor.default\">\n\t\t\t\t<div class=\"elementor-widget-container\">\n\t\t\t\t\t\t\t\t\t<p><span style=\"color: #0e0e0e; font-family: 'Open Sans', sans-serif; font-size: 15px; font-style: normal; font-variant-ligatures: normal; font-variant-caps: normal; font-weight: 400; letter-spacing: normal; orphans: 2; text-align: start; text-indent: 0px; text-transform: none; white-space: normal; widows: 2; word-spacing: 0px; -webkit-text-stroke-width: 0px; background-color: #ffffff; text-decoration-style: initial; text-decoration-color: initial; display: inline !important; float: none;\">Wir, die Com.Point GmbH, haben uns dem Datenschutz verpflichtet und m\u00f6chten deshalb an dieser Stelle unserer Hinweispflicht aus Artikel 13 DSGVO nachkommen und Sie informieren, was mit Ihren Daten passiert und welche Rechte Sie haben.<\/span><\/p>\t\t\t\t\t\t\t\t<\/div>\n\t\t\t\t<\/div>\n\t\t\t\t<div class=\"elementor-element elementor-element-6b55239 elementor-widget elementor-widget-spacer\" data-id=\"6b55239\" data-element_type=\"widget\" data-e-type=\"widget\" data-widget_type=\"spacer.default\">\n\t\t\t\t<div class=\"elementor-widget-container\">\n\t\t\t\t\t\t\t<div class=\"elementor-spacer\">\n\t\t\t<div class=\"elementor-spacer-inner\"><\/div>\n\t\t<\/div>\n\t\t\t\t\t\t<\/div>\n\t\t\t\t<\/div>\n\t\t\t\t\t<\/div>\n\t\t<\/div>\n\t\t\t\t\t<\/div>\n\t\t<\/section>\n\t\t\t\t<section class=\"elementor-section elementor-top-section elementor-element elementor-element-fa0949a elementor-section-boxed elementor-section-height-default elementor-section-height-default\" data-id=\"fa0949a\" data-element_type=\"section\" data-e-type=\"section\">\n\t\t\t\t\t\t<div class=\"elementor-container elementor-column-gap-default\">\n\t\t\t\t\t<div class=\"elementor-column elementor-col-100 elementor-top-column elementor-element elementor-element-bd7c026\" data-id=\"bd7c026\" data-element_type=\"column\" data-e-type=\"column\">\n\t\t\t<div class=\"elementor-widget-wrap elementor-element-populated\">\n\t\t\t\t\t\t<section class=\"elementor-section elementor-inner-section elementor-element elementor-element-6bc3887 elementor-section-boxed elementor-section-height-default elementor-section-height-default\" data-id=\"6bc3887\" data-element_type=\"section\" data-e-type=\"section\">\n\t\t\t\t\t\t<div class=\"elementor-container elementor-column-gap-default\">\n\t\t\t\t\t<div class=\"elementor-column elementor-col-50 elementor-inner-column elementor-element elementor-element-5328baf\" data-id=\"5328baf\" data-element_type=\"column\" data-e-type=\"column\">\n\t\t\t<div class=\"elementor-widget-wrap elementor-element-populated\">\n\t\t\t\t\t\t<div class=\"elementor-element elementor-element-f124eb9 elementor-widget elementor-widget-text-editor\" data-id=\"f124eb9\" data-element_type=\"widget\" data-e-type=\"widget\" data-widget_type=\"text-editor.default\">\n\t\t\t\t<div class=\"elementor-widget-container\">\n\t\t\t\t\t\t\t\t\t<h4>Verantwortlich f\u00fcr die Verarbeitung<\/h4><p>\u00a0<\/p><p>Oliver Hart, Felix Diller<br \/>Hergenrother Strasse 2<br \/>56457 Westerburg<br \/>Telefon: 02663 9126-0<br \/>Telefax: 02663 9126-510<br \/>E-Mail:\u00a0\u00a0 \u00a0info@com-point.de<\/p>\t\t\t\t\t\t\t\t<\/div>\n\t\t\t\t<\/div>\n\t\t\t\t\t<\/div>\n\t\t<\/div>\n\t\t\t\t<div class=\"elementor-column elementor-col-50 elementor-inner-column elementor-element elementor-element-c0e5c9f\" data-id=\"c0e5c9f\" data-element_type=\"column\" data-e-type=\"column\">\n\t\t\t<div class=\"elementor-widget-wrap elementor-element-populated\">\n\t\t\t\t\t\t<div class=\"elementor-element elementor-element-14bf4b9 elementor-widget elementor-widget-text-editor\" data-id=\"14bf4b9\" data-element_type=\"widget\" data-e-type=\"widget\" data-widget_type=\"text-editor.default\">\n\t\t\t\t<div class=\"elementor-widget-container\">\n\t\t\t\t\t\t\t\t\t<h4>Zweck der Verarbeitung<\/h4><p>\u00a0<\/p><p>Wir verarbeiten die hier angegebenen Daten ausschlie\u00dflich zur Beantwortung Ihrer Anfrage. Wir beziehen uns dabei als Rechtsgrundlage der Verarbeitung auf den Artikel 6. Absatz 1 Buchstabe b DSGVO. Das bedeutet, wir gehen davon aus, dass Sie, wenn Sie dieses Kontaktformular nutzen unsere Leistungen anfragen oder bereits in einem Kundenverh\u00e4ltnis zu uns stehen.<\/p><p>\u00a0<\/p>\t\t\t\t\t\t\t\t<\/div>\n\t\t\t\t<\/div>\n\t\t\t\t\t<\/div>\n\t\t<\/div>\n\t\t\t\t\t<\/div>\n\t\t<\/section>\n\t\t\t\t<section class=\"elementor-section elementor-inner-section elementor-element elementor-element-12053ae elementor-section-boxed elementor-section-height-default elementor-section-height-default\" data-id=\"12053ae\" data-element_type=\"section\" data-e-type=\"section\">\n\t\t\t\t\t\t<div class=\"elementor-container elementor-column-gap-default\">\n\t\t\t\t\t<div class=\"elementor-column elementor-col-50 elementor-inner-column elementor-element elementor-element-e45418c\" data-id=\"e45418c\" data-element_type=\"column\" data-e-type=\"column\">\n\t\t\t<div class=\"elementor-widget-wrap elementor-element-populated\">\n\t\t\t\t\t\t<div class=\"elementor-element elementor-element-419f3e3 elementor-widget elementor-widget-text-editor\" data-id=\"419f3e3\" data-element_type=\"widget\" data-e-type=\"widget\" data-widget_type=\"text-editor.default\">\n\t\t\t\t<div class=\"elementor-widget-container\">\n\t\t\t\t\t\t\t\t\t<p><strong>Dauer der Speicherung<\/strong><\/p><p>Wir speichern Ihre Daten nur f\u00fcr den Zeitraum der Zweckerf\u00fcllung. Das hei\u00dft, dass wir Ihre Daten nach Erf\u00fcllung unverz\u00fcglich l\u00f6schen. Sollte mit Ihrer Anfrage eine Angebots- oder Rechnungserstellung verbunden sein, speichern wir Ihre Daten gem\u00e4\u00df den Regelungen der GoBD.<\/p><p>\u00a0<\/p>\t\t\t\t\t\t\t\t<\/div>\n\t\t\t\t<\/div>\n\t\t\t\t\t<\/div>\n\t\t<\/div>\n\t\t\t\t<div class=\"elementor-column elementor-col-50 elementor-inner-column elementor-element elementor-element-5980278\" data-id=\"5980278\" data-element_type=\"column\" data-e-type=\"column\">\n\t\t\t<div class=\"elementor-widget-wrap elementor-element-populated\">\n\t\t\t\t\t\t<div class=\"elementor-element elementor-element-e01eee9 elementor-widget elementor-widget-text-editor\" data-id=\"e01eee9\" data-element_type=\"widget\" data-e-type=\"widget\" data-widget_type=\"text-editor.default\">\n\t\t\t\t<div class=\"elementor-widget-container\">\n\t\t\t\t\t\t\t\t\t<p><strong>Weitergabe Ihrer Daten an Dritte<\/strong><\/p><p>Die von Ihnen hier eingegebenen Daten werden uns automatisch per E-Mail geschickt und somit an unseren E-Mailprovider weiter gegeben, der unsere Postf\u00e4cher hostet.<\/p><p>Es handelt sich hierbei um die Firma:<\/p><p>STRATO AG<br \/>Pascalstrasse 10<br \/>10587 Berlin<\/p><p>Eine weitere Weitergabe Ihrer Daten erfolgt nicht. Weder an Dritte Parteien, noch an Drittl\u00e4nder oder internationale Organisationen.<\/p><p>\u00a0<\/p>\t\t\t\t\t\t\t\t<\/div>\n\t\t\t\t<\/div>\n\t\t\t\t\t<\/div>\n\t\t<\/div>\n\t\t\t\t\t<\/div>\n\t\t<\/section>\n\t\t\t\t<section class=\"elementor-section elementor-inner-section elementor-element elementor-element-0ed7574 elementor-section-boxed elementor-section-height-default elementor-section-height-default\" data-id=\"0ed7574\" data-element_type=\"section\" data-e-type=\"section\">\n\t\t\t\t\t\t<div class=\"elementor-container elementor-column-gap-default\">\n\t\t\t\t\t<div class=\"elementor-column elementor-col-50 elementor-inner-column elementor-element elementor-element-aebe5c9\" data-id=\"aebe5c9\" data-element_type=\"column\" data-e-type=\"column\">\n\t\t\t<div class=\"elementor-widget-wrap elementor-element-populated\">\n\t\t\t\t\t\t<div class=\"elementor-element elementor-element-ff658ba elementor-widget elementor-widget-text-editor\" data-id=\"ff658ba\" data-element_type=\"widget\" data-e-type=\"widget\" data-widget_type=\"text-editor.default\">\n\t\t\t\t<div class=\"elementor-widget-container\">\n\t\t\t\t\t\t\t\t\t<p><strong>Ihre Rechte<\/strong><br \/>Sie haben jederzeit folgende Rechte:<\/p><p>Recht auf Widerspruch<br \/>Recht auf Auskunft gem. Art. 16 DSGVO<br \/>Recht auf Berichtigung gem. Art. 16 DSGVO<br \/>Recht auf L\u00f6schung gem. Art. 17 DSGVO<br \/>Recht auf Einschr\u00e4nkung der Verarbeitung gem. Art. 18 DSGVO<br \/>Recht auf Daten\u00fcbertragbarkeit gem. 20 DSGVO<br \/>Recht auf Beschwerde bei der zust\u00e4ndigen Ausichtsbeh\u00f6rde<\/p>\t\t\t\t\t\t\t\t<\/div>\n\t\t\t\t<\/div>\n\t\t\t\t\t<\/div>\n\t\t<\/div>\n\t\t\t\t<div class=\"elementor-column elementor-col-50 elementor-inner-column elementor-element elementor-element-c13d69c\" data-id=\"c13d69c\" data-element_type=\"column\" data-e-type=\"column\">\n\t\t\t<div class=\"elementor-widget-wrap elementor-element-populated\">\n\t\t\t\t\t\t<div class=\"elementor-element elementor-element-151cc33 elementor-widget elementor-widget-text-editor\" data-id=\"151cc33\" data-element_type=\"widget\" data-e-type=\"widget\" data-widget_type=\"text-editor.default\">\n\t\t\t\t<div class=\"elementor-widget-container\">\n\t\t\t\t\t\t\t\t\t<p><strong>Warum ben\u00f6tigen wir Ihre Daten?<\/strong><br \/>Die Erhebung Ihrer Daten ist notwendig, um Ihre Anfrage bearbeiten zu k\u00f6nnen. Sie stellen uns diese freiwillig bereit. Eine Nichtbereitstellung h\u00e4tte zur Folge, dass wir Ihre Anfrage nicht beantworten k\u00f6nnen.<\/p><p>Automatisiere Entscheidungsfindung und Profiling<br \/>Von uns werden keinerlei automatisierten Entscheidungsfindungen oder Profilings bei dieser Verarbeitung Ihrer Daten eingesetzt.<\/p><p>Sollten Sie weitere Fragen haben, z\u00f6gern Sie bitte nicht Kontakt mit uns aufzunehmen.<\/p>\t\t\t\t\t\t\t\t<\/div>\n\t\t\t\t<\/div>\n\t\t\t\t\t<\/div>\n\t\t<\/div>\n\t\t\t\t\t<\/div>\n\t\t<\/section>\n\t\t\t\t\t<\/div>\n\t\t<\/div>\n\t\t\t\t\t<\/div>\n\t\t<\/section>\n\t\t\t\t<\/div>\n\t\t","protected":false},"excerpt":{"rendered":"<p>Wir freuen uns auf Ihre Kontaktaufnahme Wir, die Com.Point GmbH, haben uns dem Datenschutz verpflichtet und m\u00f6chten deshalb an dieser Stelle unserer Hinweispflicht aus Artikel 13 DSGVO nachkommen und Sie informieren, was mit Ihren Daten passiert und welche Rechte Sie haben. Verantwortlich f\u00fcr die Verarbeitung \u00a0 Oliver Hart, Felix DillerHergenrother Strasse 256457 WesterburgTelefon: 02663 9126-0Telefax: [&hellip;]<\/p>\n","protected":false},"author":1,"featured_media":0,"parent":0,"menu_order":0,"comment_status":"closed","ping_status":"closed","template":"","meta":{"ocean_post_layout":"","ocean_both_sidebars_style":"","ocean_both_sidebars_content_width":0,"ocean_both_sidebars_sidebars_width":0,"ocean_sidebar":"0","ocean_second_sidebar":"0","ocean_disable_margins":"enable","ocean_add_body_class":"","ocean_shortcode_before_top_bar":"","ocean_shortcode_after_top_bar":"","ocean_shortcode_before_header":"","ocean_shortcode_after_header":"","ocean_has_shortcode":"","ocean_shortcode_after_title":"","ocean_shortcode_before_footer_widgets":"","ocean_shortcode_after_footer_widgets":"","ocean_shortcode_before_footer_bottom":"","ocean_shortcode_after_footer_bottom":"","ocean_display_top_bar":"default","ocean_display_header":"default","ocean_header_style":"","ocean_center_header_left_menu":"0","ocean_custom_header_template":"0","ocean_custom_logo":0,"ocean_custom_retina_logo":0,"ocean_custom_logo_max_width":0,"ocean_custom_logo_tablet_max_width":0,"ocean_custom_logo_mobile_max_width":0,"ocean_custom_logo_max_height":0,"ocean_custom_logo_tablet_max_height":0,"ocean_custom_logo_mobile_max_height":0,"ocean_header_custom_menu":"0","ocean_menu_typo_font_family":"0","ocean_menu_typo_font_subset":"","ocean_menu_typo_font_size":0,"ocean_menu_typo_font_size_tablet":0,"ocean_menu_typo_font_size_mobile":0,"ocean_menu_typo_font_size_unit":"px","ocean_menu_typo_font_weight":"","ocean_menu_typo_font_weight_tablet":"","ocean_menu_typo_font_weight_mobile":"","ocean_menu_typo_transform":"","ocean_menu_typo_transform_tablet":"","ocean_menu_typo_transform_mobile":"","ocean_menu_typo_line_height":0,"ocean_menu_typo_line_height_tablet":0,"ocean_menu_typo_line_height_mobile":0,"ocean_menu_typo_line_height_unit":"","ocean_menu_typo_spacing":0,"ocean_menu_typo_spacing_tablet":0,"ocean_menu_typo_spacing_mobile":0,"ocean_menu_typo_spacing_unit":"","ocean_menu_link_color":"","ocean_menu_link_color_hover":"","ocean_menu_link_color_active":"","ocean_menu_link_background":"","ocean_menu_link_hover_background":"","ocean_menu_link_active_background":"","ocean_menu_social_links_bg":"","ocean_menu_social_hover_links_bg":"","ocean_menu_social_links_color":"","ocean_menu_social_hover_links_color":"","ocean_disable_title":"default","ocean_disable_heading":"default","ocean_post_title":"","ocean_post_subheading":"","ocean_post_title_style":"","ocean_post_title_background_color":"","ocean_post_title_background":0,"ocean_post_title_bg_image_position":"","ocean_post_title_bg_image_attachment":"","ocean_post_title_bg_image_repeat":"","ocean_post_title_bg_image_size":"","ocean_post_title_height":0,"ocean_post_title_bg_overlay":0.5,"ocean_post_title_bg_overlay_color":"","ocean_disable_breadcrumbs":"default","ocean_breadcrumbs_color":"","ocean_breadcrumbs_separator_color":"","ocean_breadcrumbs_links_color":"","ocean_breadcrumbs_links_hover_color":"","ocean_display_footer_widgets":"default","ocean_display_footer_bottom":"default","ocean_custom_footer_template":"0","footnotes":""},"class_list":["post-763","page","type-page","status-publish","hentry","entry"],"yoast_head":"<!-- This site is optimized with the Yoast SEO plugin v26.0 - https:\/\/yoast.com\/wordpress\/plugins\/seo\/ -->\n<title>Kontakt - Com-Point<\/title>\n<meta name=\"robots\" content=\"index, follow, max-snippet:-1, max-image-preview:large, max-video-preview:-1\" \/>\n<link rel=\"canonical\" href=\"https:\/\/www.com-point.de\/?page_id=763\" \/>\n<meta property=\"og:locale\" content=\"de_DE\" \/>\n<meta property=\"og:type\" content=\"article\" \/>\n<meta property=\"og:title\" content=\"Kontakt - Com-Point\" \/>\n<meta property=\"og:description\" content=\"Wir freuen uns auf Ihre Kontaktaufnahme Wir, die Com.Point GmbH, haben uns dem Datenschutz verpflichtet und m\u00f6chten deshalb an dieser Stelle unserer Hinweispflicht aus Artikel 13 DSGVO nachkommen und Sie informieren, was mit Ihren Daten passiert und welche Rechte Sie haben. Verantwortlich f\u00fcr die Verarbeitung \u00a0 Oliver Hart, Felix DillerHergenrother Strasse 256457 WesterburgTelefon: 02663 9126-0Telefax: [&hellip;]\" \/>\n<meta property=\"og:url\" content=\"https:\/\/www.com-point.de\/?page_id=763\" \/>\n<meta property=\"og:site_name\" content=\"Com-Point\" \/>\n<meta property=\"article:modified_time\" content=\"2025-05-09T09:40:35+00:00\" \/>\n<meta name=\"twitter:card\" content=\"summary_large_image\" \/>\n<meta name=\"twitter:label1\" content=\"Gesch\u00e4tzte Lesezeit\" \/>\n\t<meta name=\"twitter:data1\" content=\"2\u00a0Minuten\" \/>\n<script type=\"application\/ld+json\" class=\"yoast-schema-graph\">{\"@context\":\"https:\/\/schema.org\",\"@graph\":[{\"@type\":\"WebPage\",\"@id\":\"https:\/\/www.com-point.de\/?page_id=763\",\"url\":\"https:\/\/www.com-point.de\/?page_id=763\",\"name\":\"Kontakt - Com-Point\",\"isPartOf\":{\"@id\":\"https:\/\/www.com-point.de\/#website\"},\"datePublished\":\"2020-06-16T11:16:50+00:00\",\"dateModified\":\"2025-05-09T09:40:35+00:00\",\"breadcrumb\":{\"@id\":\"https:\/\/www.com-point.de\/?page_id=763#breadcrumb\"},\"inLanguage\":\"de\",\"potentialAction\":[{\"@type\":\"ReadAction\",\"target\":[\"https:\/\/www.com-point.de\/?page_id=763\"]}]},{\"@type\":\"BreadcrumbList\",\"@id\":\"https:\/\/www.com-point.de\/?page_id=763#breadcrumb\",\"itemListElement\":[{\"@type\":\"ListItem\",\"position\":1,\"name\":\"Startseite\",\"item\":\"https:\/\/www.com-point.de\/\"},{\"@type\":\"ListItem\",\"position\":2,\"name\":\"Kontakt\"}]},{\"@type\":\"WebSite\",\"@id\":\"https:\/\/www.com-point.de\/#website\",\"url\":\"https:\/\/www.com-point.de\/\",\"name\":\"Com-Point\",\"description\":\"\",\"publisher\":{\"@id\":\"https:\/\/www.com-point.de\/#organization\"},\"potentialAction\":[{\"@type\":\"SearchAction\",\"target\":{\"@type\":\"EntryPoint\",\"urlTemplate\":\"https:\/\/www.com-point.de\/?s={search_term_string}\"},\"query-input\":{\"@type\":\"PropertyValueSpecification\",\"valueRequired\":true,\"valueName\":\"search_term_string\"}}],\"inLanguage\":\"de\"},{\"@type\":\"Organization\",\"@id\":\"https:\/\/www.com-point.de\/#organization\",\"name\":\"Com-Point\",\"url\":\"https:\/\/www.com-point.de\/\",\"logo\":{\"@type\":\"ImageObject\",\"inLanguage\":\"de\",\"@id\":\"https:\/\/www.com-point.de\/#\/schema\/logo\/image\/\",\"url\":\"https:\/\/www.com-point.de\/wp-content\/uploads\/2020\/05\/cropped-CP_Logo.png\",\"contentUrl\":\"https:\/\/www.com-point.de\/wp-content\/uploads\/2020\/05\/cropped-CP_Logo.png\",\"width\":272,\"height\":114,\"caption\":\"Com-Point\"},\"image\":{\"@id\":\"https:\/\/www.com-point.de\/#\/schema\/logo\/image\/\"}}]}<\/script>\n<!-- \/ Yoast SEO plugin. -->","yoast_head_json":{"title":"Kontakt - Com-Point","robots":{"index":"index","follow":"follow","max-snippet":"max-snippet:-1","max-image-preview":"max-image-preview:large","max-video-preview":"max-video-preview:-1"},"canonical":"https:\/\/www.com-point.de\/?page_id=763","og_locale":"de_DE","og_type":"article","og_title":"Kontakt - Com-Point","og_description":"Wir freuen uns auf Ihre Kontaktaufnahme Wir, die Com.Point GmbH, haben uns dem Datenschutz verpflichtet und m\u00f6chten deshalb an dieser Stelle unserer Hinweispflicht aus Artikel 13 DSGVO nachkommen und Sie informieren, was mit Ihren Daten passiert und welche Rechte Sie haben. Verantwortlich f\u00fcr die Verarbeitung \u00a0 Oliver Hart, Felix DillerHergenrother Strasse 256457 WesterburgTelefon: 02663 9126-0Telefax: [&hellip;]","og_url":"https:\/\/www.com-point.de\/?page_id=763","og_site_name":"Com-Point","article_modified_time":"2025-05-09T09:40:35+00:00","twitter_card":"summary_large_image","twitter_misc":{"Gesch\u00e4tzte Lesezeit":"2\u00a0Minuten"},"schema":{"@context":"https:\/\/schema.org","@graph":[{"@type":"WebPage","@id":"https:\/\/www.com-point.de\/?page_id=763","url":"https:\/\/www.com-point.de\/?page_id=763","name":"Kontakt - Com-Point","isPartOf":{"@id":"https:\/\/www.com-point.de\/#website"},"datePublished":"2020-06-16T11:16:50+00:00","dateModified":"2025-05-09T09:40:35+00:00","breadcrumb":{"@id":"https:\/\/www.com-point.de\/?page_id=763#breadcrumb"},"inLanguage":"de","potentialAction":[{"@type":"ReadAction","target":["https:\/\/www.com-point.de\/?page_id=763"]}]},{"@type":"BreadcrumbList","@id":"https:\/\/www.com-point.de\/?page_id=763#breadcrumb","itemListElement":[{"@type":"ListItem","position":1,"name":"Startseite","item":"https:\/\/www.com-point.de\/"},{"@type":"ListItem","position":2,"name":"Kontakt"}]},{"@type":"WebSite","@id":"https:\/\/www.com-point.de\/#website","url":"https:\/\/www.com-point.de\/","name":"Com-Point","description":"","publisher":{"@id":"https:\/\/www.com-point.de\/#organization"},"potentialAction":[{"@type":"SearchAction","target":{"@type":"EntryPoint","urlTemplate":"https:\/\/www.com-point.de\/?s={search_term_string}"},"query-input":{"@type":"PropertyValueSpecification","valueRequired":true,"valueName":"search_term_string"}}],"inLanguage":"de"},{"@type":"Organization","@id":"https:\/\/www.com-point.de\/#organization","name":"Com-Point","url":"https:\/\/www.com-point.de\/","logo":{"@type":"ImageObject","inLanguage":"de","@id":"https:\/\/www.com-point.de\/#\/schema\/logo\/image\/","url":"https:\/\/www.com-point.de\/wp-content\/uploads\/2020\/05\/cropped-CP_Logo.png","contentUrl":"https:\/\/www.com-point.de\/wp-content\/uploads\/2020\/05\/cropped-CP_Logo.png","width":272,"height":114,"caption":"Com-Point"},"image":{"@id":"https:\/\/www.com-point.de\/#\/schema\/logo\/image\/"}}]}},"_links":{"self":[{"href":"https:\/\/www.com-point.de\/index.php?rest_route=\/wp\/v2\/pages\/763","targetHints":{"allow":["GET"]}}],"collection":[{"href":"https:\/\/www.com-point.de\/index.php?rest_route=\/wp\/v2\/pages"}],"about":[{"href":"https:\/\/www.com-point.de\/index.php?rest_route=\/wp\/v2\/types\/page"}],"author":[{"embeddable":true,"href":"https:\/\/www.com-point.de\/index.php?rest_route=\/wp\/v2\/users\/1"}],"replies":[{"embeddable":true,"href":"https:\/\/www.com-point.de\/index.php?rest_route=%2Fwp%2Fv2%2Fcomments&post=763"}],"version-history":[{"count":55,"href":"https:\/\/www.com-point.de\/index.php?rest_route=\/wp\/v2\/pages\/763\/revisions"}],"predecessor-version":[{"id":1646,"href":"https:\/\/www.com-point.de\/index.php?rest_route=\/wp\/v2\/pages\/763\/revisions\/1646"}],"wp:attachment":[{"href":"https:\/\/www.com-point.de\/index.php?rest_route=%2Fwp%2Fv2%2Fmedia&parent=763"}],"curies":[{"name":"wp","href":"https:\/\/api.w.org\/{rel}","templated":true}]}}